{"id":16,"date":"2025-02-28T17:03:23","date_gmt":"2025-02-28T17:03:23","guid":{"rendered":"https:\/\/instalacionesenpolietileno.com\/?page_id=16"},"modified":"2025-03-18T03:38:57","modified_gmt":"2025-03-18T03:38:57","slug":"about","status":"publish","type":"page","link":"https:\/\/www.termofusion.mx\/index.php\/about\/","title":{"rendered":"Nosotros"},"content":{"rendered":"\t\t<div data-elementor-type=\"wp-page\" data-elementor-id=\"16\" class=\"elementor elementor-16\">\n\t\t\t\t<div class=\"elementor-element elementor-element-dd1a53a e-flex e-con-boxed e-con e-parent\" data-id=\"dd1a53a\" data-element_type=\"container\" data-e-type=\"container\">\n\t\t\t\t\t<div class=\"e-con-inner\">\n\t\t\t\t\t<\/div>\n\t\t\t\t<\/div>\n\t\t<div class=\"elementor-element elementor-element-033803a e-flex e-con-boxed e-con e-parent\" data-id=\"033803a\" data-element_type=\"container\" data-e-type=\"container\">\n\t\t\t\t\t<div class=\"e-con-inner\">\n\t\t\t\t<div class=\"elementor-element elementor-element-05a5c6d elementor-widget elementor-widget-text-editor\" data-id=\"05a5c6d\" data-element_type=\"widget\" data-e-type=\"widget\" data-widget_type=\"text-editor.default\">\n\t\t\t\t<div class=\"elementor-widget-container\">\n\t\t\t\t\t\t\t\t\t<p><video autoplay=\"autoplay\" loop=\"loop\" muted=\"\" width=\"300\" height=\"150\"><br>\n<source src=\"https:\/\/www.termofusion.mx\/wp-content\/uploads\/2025\/03\/EquipoTermofusion1.mp4\" type=\"video\/mp4\"><\/video><\/p>\n<h3>VISI\u00d3N<\/h3>\n<p>Ser la empresa l\u00edder e innovadora en termofusi\u00f3n, electrofusi\u00f3n y suministro de tuber\u00edas, consolidando nuestra presencia a nivel nacional e internacional a trav\u00e9s de estrategias de posicionamiento y alianzas comerciales que fortalezcan nuestro crecimiento y prestigio en el mercado.<\/p>\n<p><video autoplay=\"autoplay\" loop=\"loop\" muted=\"\" width=\"300\" height=\"150\"><br>\n<source src=\"https:\/\/www.termofusion.mx\/wp-content\/uploads\/2025\/03\/TuberiaPEAD.mp4\"><\/video><\/p>\n<h3>MISI\u00d3N<\/h3>\n<p>Distribuir servicios y energ\u00eda de forma rentable, eficiente, confiable y segura, con alta calidad e innovaci\u00f3n. Nos comprometemos a proteger el medio ambiente, mejorar el bienestar del consumidor y fortalecer el progreso de M\u00e9xico, impulsando el desarrollo interno y externo de nuestra empresa.<\/p>\t\t\t\t\t\t\t\t<\/div>\n\t\t\t\t<\/div>\n\t\t\t\t\t<\/div>\n\t\t\t\t<\/div>\n\t\t<div class=\"elementor-element elementor-element-858117b e-flex e-con-boxed e-con e-parent\" data-id=\"858117b\" data-element_type=\"container\" data-e-type=\"container\">\n\t\t\t\t\t<div class=\"e-con-inner\">\n\t\t\t\t<div class=\"elementor-element elementor-element-c306c94 elementor-widget elementor-widget-text-editor\" data-id=\"c306c94\" data-element_type=\"widget\" data-e-type=\"widget\" data-widget_type=\"text-editor.default\">\n\t\t\t\t<div class=\"elementor-widget-container\">\n\t\t\t\t\t\t\t\t\t<h3>Filosof\u00eda<\/h3>\n<p>&nbsp;<\/p>\n<p><video autoplay=\"autoplay\" loop=\"loop\" muted=\"\" width=\"300\" height=\"150\">\n  <source src=\"https:\/\/www.termofusion.mx\/wp-content\/uploads\/2025\/03\/EquipoTermofusion1.mp4\" type=\"video\/mp4\" \/><\/video><\/p>\n<p>La Filosof\u00eda comercial de IPT es calidad en el servicio al cliente. nuestro servicio va m\u00e1s all\u00e1 de la venta, no solo instalamos y vendemos nuestro producto, nos preocupamos desde el momento de la fabricaci\u00f3n, hasta cumplir con el perfecto desarrollo de nuestras redes en polietileno, cuidando siempre la calidad en nuestros procesos de instalaci\u00f3n, acompa\u00f1ado de los servicios que este requiera, asesor\u00eda t\u00e9cnica, transporte adecuado y confianza plena.<\/p>\t\t\t\t\t\t\t\t<\/div>\n\t\t\t\t<\/div>\n\t\t\t\t\t<\/div>\n\t\t\t\t<\/div>\n\t\t\t\t<\/div>\n\t\t","protected":false},"excerpt":{"rendered":"<p>VISI\u00d3N Ser la empresa l\u00edder e innovadora en termofusi\u00f3n, electrofusi\u00f3n y suministro de tuber\u00edas, consolidando nuestra presencia a nivel nacional e internacional a trav\u00e9s de estrategias de posicionamiento y alianzas comerciales que fortalezcan nuestro crecimiento y prestigio en el mercado. MISI\u00d3N Distribuir servicios y energ\u00eda de forma rentable, eficiente, confiable y segura, con alta calidad &hellip; <\/p>\n<p class=\"link-more\"><a href=\"https:\/\/www.termofusion.mx\/index.php\/about\/\" class=\"more-link\">Read more<span class=\"screen-reader-text\"> &#8220;Nosotros&#8221;<\/span><\/a><\/p>\n","protected":false},"author":1,"featured_media":235,"parent":0,"menu_order":0,"comment_status":"closed","ping_status":"closed","template":"","meta":{"om_disable_all_campaigns":false,"_monsterinsights_skip_tracking":false,"_monsterinsights_sitenote_active":false,"_monsterinsights_sitenote_note":"","_monsterinsights_sitenote_category":0,"footnotes":""},"class_list":["post-16","page","type-page","status-publish","has-post-thumbnail","hentry"],"aioseo_notices":[],"_links":{"self":[{"href":"https:\/\/www.termofusion.mx\/index.php\/wp-json\/wp\/v2\/pages\/16","targetHints":{"allow":["GET"]}}],"collection":[{"href":"https:\/\/www.termofusion.mx\/index.php\/wp-json\/wp\/v2\/pages"}],"about":[{"href":"https:\/\/www.termofusion.mx\/index.php\/wp-json\/wp\/v2\/types\/page"}],"author":[{"embeddable":true,"href":"https:\/\/www.termofusion.mx\/index.php\/wp-json\/wp\/v2\/users\/1"}],"replies":[{"embeddable":true,"href":"https:\/\/www.termofusion.mx\/index.php\/wp-json\/wp\/v2\/comments?post=16"}],"version-history":[{"count":85,"href":"https:\/\/www.termofusion.mx\/index.php\/wp-json\/wp\/v2\/pages\/16\/revisions"}],"predecessor-version":[{"id":407,"href":"https:\/\/www.termofusion.mx\/index.php\/wp-json\/wp\/v2\/pages\/16\/revisions\/407"}],"wp:featuredmedia":[{"embeddable":true,"href":"https:\/\/www.termofusion.mx\/index.php\/wp-json\/wp\/v2\/media\/235"}],"wp:attachment":[{"href":"https:\/\/www.termofusion.mx\/index.php\/wp-json\/wp\/v2\/media?parent=16"}],"curies":[{"name":"wp","href":"https:\/\/api.w.org\/{rel}","templated":true}]}}