{"id":17,"date":"2025-02-28T17:03:23","date_gmt":"2025-02-28T17:03:23","guid":{"rendered":"https:\/\/instalacionesenpolietileno.com\/?page_id=17"},"modified":"2025-04-04T17:36:25","modified_gmt":"2025-04-04T17:36:25","slug":"contact-2","status":"publish","type":"page","link":"https:\/\/www.termofusion.mx\/index.php\/contact-2\/","title":{"rendered":"Contacto"},"content":{"rendered":"\t\t<div data-elementor-type=\"wp-page\" data-elementor-id=\"17\" class=\"elementor elementor-17\">\n\t\t\t\t<div class=\"elementor-element elementor-element-53eba15 e-flex e-con-boxed e-con e-parent\" data-id=\"53eba15\" data-element_type=\"container\" data-e-type=\"container\">\n\t\t\t\t\t<div class=\"e-con-inner\">\n\t\t\t\t\t<\/div>\n\t\t\t\t<\/div>\n\t\t<div class=\"elementor-element elementor-element-6e345b6 e-flex e-con-boxed e-con e-parent\" data-id=\"6e345b6\" data-element_type=\"container\" data-e-type=\"container\">\n\t\t\t\t\t<div class=\"e-con-inner\">\n\t\t\t\t<div class=\"elementor-element elementor-element-c0d6f84 elementor-widget elementor-widget-text-editor\" data-id=\"c0d6f84\" data-element_type=\"widget\" data-e-type=\"widget\" data-widget_type=\"text-editor.default\">\n\t\t\t\t<div class=\"elementor-widget-container\">\n\t\t\t\t\t\t\t\t\t<!-- Estilos CSS -->\n\n<style>\n    \n        @import url('https:\/\/fonts.googleapis.com\/css2?family=Inter:wght@300;400;700&display=swap');\n\n        * {\n            margin: 0;\n            padding: 0;\n            box-sizing: border-box;\n        }\n\n        body {\n            font-family: 'Inter', sans-serif;\n            background: #0f0f0f;\n            color: white;\n            text-align: center;\n            overflow-x: hidden;\n        }\n\n        \/* Fondo animado *\/\n        .background-animation {\n            position: fixed;\n            top: 0;\n            left: 0;\n            width: 100%;\n            height: 100%;\n            background: radial-gradient(circle, rgba(15,15,15,1) 0%, rgba(5,5,5,1) 100%);\n            animation: backgroundMove 10s infinite alternate ease-in-out;\n            z-index: -1;\n        }\n\n        @keyframes backgroundMove {\n            0% { filter: brightness(1); }\n            100% { filter: brightness(1.2); }\n        }\n\n        .container {\n            width: 90%;\n            max-width: 1000px;\n            margin: 50px auto;\n            padding: 20px;\n        }\n\n        h2 {\n            font-size: 36px;\n            color: #00AEEF;\n            margin-bottom: 20px;\n            padding-bottom: 10px;\n            border-bottom: 3px solid #FFD700;\n            display: inline-block;\n        }\n\n        .contact-grid {\n            display: grid;\n            grid-template-columns: repeat(2, 1fr);\n            gap: 20px;\n            margin-top: 30px;\n        }\n\n        .contact-item {\n            background: rgba(255, 255, 255, 0.1);\n            backdrop-filter: blur(10px);\n            padding: 20px;\n            border-radius: 15px;\n            text-align: left;\n            transition: transform 0.3s, box-shadow 0.3s;\n            border-left: 5px solid #FFD700;\n            box-shadow: 0px 5px 20px rgba(255, 255, 255, 0.1);\n        }\n\n        .contact-item:hover {\n            transform: scale(1.05);\n            box-shadow: 0px 8px 25px rgba(255, 255, 255, 0.3);\n        }\n\n        .contact-item h3 {\n            color: #FFD700;\n            margin-bottom: 5px;\n        }\n\n        .contact-item p {\n            font-size: 18px;\n            margin-bottom: 8px;\n        }\n\n        .contact-item a {\n            text-decoration: none;\n            color: #00AEEF;\n            font-weight: bold;\n            transition: 0.3s;\n        }\n\n        .contact-item a:hover {\n            color: #FFD700;\n            text-decoration: underline;\n        }\n\n        .map-container {\n            margin-top: 40px;\n            border-radius: 10px;\n            overflow: hidden;\n            box-shadow: 0px 5px 20px rgba(255, 255, 255, 0.2);\n        }\n\n        iframe {\n            width: 100%;\n            height: 350px;\n            border: none;\n        }\n\n        \/* Animaciones *\/\n        .fade-in {\n            opacity: 0;\n            transform: translateY(50px);\n        }\n\n        @media (max-width: 768px) {\n            .contact-grid {\n                grid-template-columns: 1fr;\n            }\n        }\n\n.form-control {\n  width: 100%;\n  padding: 12px;\n  margin-bottom: 10px;\n  border: 1px solid #ccc;\n  border-radius: 6px;\n}\n\n.wpcf7-submit {\n  background-color: #008cba;\n  color: white;\n  padding: 10px 20px;\n  border: none;\n  border-radius: 6px;\n  cursor: pointer;\n}\n\n.wpcf7-submit:hover {\n  background-color: #005f7f;\n}\n    <\/style>\n<div class=\"background-animation\"><\/div>\n<div class=\"container\">\n<h2>\ud83d\udcde \u00a1Cont\u00e1ctanos!<\/h2>\nSelecciona la sucursal m\u00e1s cercana y comun\u00edcate con nosotros.\n<div class=\"contact-grid\">\n<div class=\"contact-item fade-in\">\n<h3>\ud83d\udccd Quer\u00e9taro<\/h3>\nTel: <a href=\"https:\/\/wa.me\/524427187898\">442 718 7898<\/a>\n\nTel: <a href=\"https:\/\/wa.me\/524421574372\">442 157 4372<\/a>\n\nEmail: <a href=\"mailto:ventas@termofusion.mx\">ventas@termofusion.mx<\/a>\n\n<\/div>\n<div class=\"contact-item fade-in\">\n<h3>\ud83d\udccd CDMX<\/h3>\nTel: <a href=\"https:\/\/wa.me\/525547647129\">55 4764 7129<\/a>\n\nTel: <a href=\"https:\/\/wa.me\/525531710736\">55 3171 0736<\/a>\n\nEmail: <a href=\"mailto:ventas@grupogi.mx\">ventas@grupogi.mx<\/a>\n\n<\/div>\n<div class=\"contact-item fade-in\">\n<h3>\ud83d\udccd Estado de M\u00e9xico<\/h3>\nTel: <a href=\"https:\/\/wa.me\/525512655652\">55 1265 5652<\/a>\n\nEmail: <a href=\"proyectos@termofusion.mx\">proyectos@termofusion.mx<\/a>\n\n<\/div>\n<div class=\"contact-item fade-in\">\n<h3>\ud83d\udccd Guadalajara<\/h3>\nTel: <a href=\"https:\/\/wa.me\/523318521190\">+52 33 1852 1190<\/a>\n\nEmail: <a href=\"mailto:ventas@tuberias.com.mx\">ventas@tuberias.com.mx<\/a>\n\n<\/div>\n<\/div>\n<div class=\"map-container fade-in\">\n\n\n<div class=\"wpcf7 no-js\" id=\"wpcf7-f504-o1\" lang=\"en-US\" dir=\"ltr\" data-wpcf7-id=\"504\">\n<div class=\"screen-reader-response\"><p role=\"status\" aria-live=\"polite\" aria-atomic=\"true\"><\/p> <ul><\/ul><\/div>\n<form action=\"\/index.php\/wp-json\/wp\/v2\/pages\/17#wpcf7-f504-o1\" method=\"post\" class=\"wpcf7-form init\" aria-label=\"Contact form\" novalidate=\"novalidate\" data-status=\"init\">\n<fieldset class=\"hidden-fields-container\"><input type=\"hidden\" name=\"_wpcf7\" value=\"504\" \/><input type=\"hidden\" name=\"_wpcf7_version\" value=\"6.1.5\" \/><input type=\"hidden\" name=\"_wpcf7_locale\" value=\"en_US\" \/><input type=\"hidden\" name=\"_wpcf7_unit_tag\" value=\"wpcf7-f504-o1\" \/><input type=\"hidden\" name=\"_wpcf7_container_post\" value=\"0\" \/><input type=\"hidden\" name=\"_wpcf7_posted_data_hash\" value=\"\" \/>\n<\/fieldset>\n<h2>Formulario de contacto\n<\/h2>\n<p><label> Nombre<br \/>\n<span class=\"wpcf7-form-control-wrap\" data-name=\"your-name\"><input size=\"40\" maxlength=\"400\" class=\"wpcf7-form-control wpcf7-text wpcf7-validates-as-required form-control\" autocomplete=\"name\" aria-required=\"true\" aria-invalid=\"false\" value=\"\" type=\"text\" name=\"your-name\" \/><\/span> <\/label>\n<\/p>\n<p><label> Correo<br \/>\n<span class=\"wpcf7-form-control-wrap\" data-name=\"your-email\"><input size=\"40\" maxlength=\"400\" class=\"wpcf7-form-control wpcf7-email wpcf7-validates-as-required wpcf7-text wpcf7-validates-as-email form-control\" autocomplete=\"email\" aria-required=\"true\" aria-invalid=\"false\" value=\"\" type=\"email\" name=\"your-email\" \/><\/span> <\/label>\n<\/p>\n<p><label> No. Tel\u00e9fono<br \/>\n<span class=\"wpcf7-form-control-wrap\" data-name=\"number-150\"><input class=\"wpcf7-form-control wpcf7-number wpcf7-validates-as-required wpcf7-validates-as-number form-control\" autocomplete=\"number\" aria-required=\"true\" aria-invalid=\"false\" value=\"\" type=\"number\" name=\"number-150\" \/><\/span> <\/label>\n<\/p>\n<p><label> Asunto<br \/>\n<span class=\"wpcf7-form-control-wrap\" data-name=\"your-subject\"><input size=\"40\" maxlength=\"400\" class=\"wpcf7-form-control wpcf7-text wpcf7-validates-as-required form-control\" aria-required=\"true\" aria-invalid=\"false\" value=\"\" type=\"text\" name=\"your-subject\" \/><\/span> <\/label>\n<\/p>\n<p><label> Mensaje (Opcional)<br \/>\n<span class=\"wpcf7-form-control-wrap\" data-name=\"your-message\"><textarea cols=\"40\" rows=\"10\" maxlength=\"2000\" class=\"wpcf7-form-control wpcf7-textarea form-control\" aria-invalid=\"false\" name=\"your-message\"><\/textarea><\/span> <\/label>\n<\/p>\n<p><input class=\"wpcf7-form-control wpcf7-submit has-spinner\" type=\"submit\" value=\"ENVIAR\" \/>\n<\/p><div class=\"wpcf7-response-output\" aria-hidden=\"true\"><\/div>\n<\/form>\n<\/div>\n\n\n\n\n<h2>\ud83d\udccd Ubicaci\u00f3n Principal<\/h2>\n<iframe style=\"border: 0;\" src=\"https:\/\/www.google.com\/maps\/embed?pb=!1m18!1m12!1m3!1d3749.9990091063473!2d-99.47111842472815!3d19.966543923412615!2m3!1f0!2f0!3f0!3m2!1i1024!2i768!4f13.1!3m3!1m2!1s0x85d2353175b05043%3A0x153e652912a6b3b1!2sIPT%20TUBERIAS!5e0!3m2!1ses!2smx!4v1742246603098!5m2!1ses!2smx\" width=\"600\" height=\"450\" allowfullscreen=\"allowfullscreen\"><span data-mce-type=\"bookmark\" style=\"display: inline-block; width: 0px; overflow: hidden; line-height: 0;\" class=\"mce_SELRES_start\">\ufeff<\/span><\/iframe>\n\n<\/div>\n<\/div>\n<!-- GSAP para animaciones -->\n\n<script src=\"https:\/\/cdnjs.cloudflare.com\/ajax\/libs\/gsap\/3.12.2\/gsap.min.js\"><span data-mce-type=\"bookmark\" style=\"display: inline-block; width: 0px; overflow: hidden; line-height: 0;\" class=\"mce_SELRES_start\">\ufeff<\/span><\/script> <script>\n        gsap.to(\".fade-in\", { opacity: 1, y: 0, duration: 1.5, ease: \"power3.out\", stagger: 0.3 });\n    <\/script>\t\t\t\t\t\t\t\t<\/div>\n\t\t\t\t<\/div>\n\t\t\t\t\t<\/div>\n\t\t\t\t<\/div>\n\t\t\t\t<\/div>\n\t\t","protected":false},"excerpt":{"rendered":"<p>\ud83d\udcde \u00a1Cont\u00e1ctanos! Selecciona la sucursal m\u00e1s cercana y comun\u00edcate con nosotros. \ud83d\udccd Quer\u00e9taro Tel: 442 718 7898 Tel: 442 157 4372 Email: ventas@termofusion.mx \ud83d\udccd CDMX Tel: 55 4764 7129 Tel: 55 3171 0736 Email: ventas@grupogi.mx \ud83d\udccd Estado de M\u00e9xico Tel: 55 1265 5652 Email: proyectos@termofusion.mx \ud83d\udccd Guadalajara Tel: +52 33 1852 1190 Email: ventas@tuberias.com.mx \ud83d\udccd &hellip; <\/p>\n<p class=\"link-more\"><a href=\"https:\/\/www.termofusion.mx\/index.php\/contact-2\/\" class=\"more-link\">Read more<span class=\"screen-reader-text\"> &#8220;Contacto&#8221;<\/span><\/a><\/p>\n","protected":false},"author":1,"featured_media":410,"parent":0,"menu_order":0,"comment_status":"closed","ping_status":"closed","template":"","meta":{"om_disable_all_campaigns":false,"_monsterinsights_skip_tracking":false,"_monsterinsights_sitenote_active":false,"_monsterinsights_sitenote_note":"","_monsterinsights_sitenote_category":0,"footnotes":""},"class_list":["post-17","page","type-page","status-publish","has-post-thumbnail","hentry"],"aioseo_notices":[],"_links":{"self":[{"href":"https:\/\/www.termofusion.mx\/index.php\/wp-json\/wp\/v2\/pages\/17","targetHints":{"allow":["GET"]}}],"collection":[{"href":"https:\/\/www.termofusion.mx\/index.php\/wp-json\/wp\/v2\/pages"}],"about":[{"href":"https:\/\/www.termofusion.mx\/index.php\/wp-json\/wp\/v2\/types\/page"}],"author":[{"embeddable":true,"href":"https:\/\/www.termofusion.mx\/index.php\/wp-json\/wp\/v2\/users\/1"}],"replies":[{"embeddable":true,"href":"https:\/\/www.termofusion.mx\/index.php\/wp-json\/wp\/v2\/comments?post=17"}],"version-history":[{"count":32,"href":"https:\/\/www.termofusion.mx\/index.php\/wp-json\/wp\/v2\/pages\/17\/revisions"}],"predecessor-version":[{"id":511,"href":"https:\/\/www.termofusion.mx\/index.php\/wp-json\/wp\/v2\/pages\/17\/revisions\/511"}],"wp:featuredmedia":[{"embeddable":true,"href":"https:\/\/www.termofusion.mx\/index.php\/wp-json\/wp\/v2\/media\/410"}],"wp:attachment":[{"href":"https:\/\/www.termofusion.mx\/index.php\/wp-json\/wp\/v2\/media?parent=17"}],"curies":[{"name":"wp","href":"https:\/\/api.w.org\/{rel}","templated":true}]}}