{"id":372,"date":"2025-03-18T02:14:51","date_gmt":"2025-03-18T02:14:51","guid":{"rendered":"https:\/\/instalacionesenpolietileno.com\/?page_id=372"},"modified":"2025-04-01T14:23:19","modified_gmt":"2025-04-01T14:23:19","slug":"servicios","status":"publish","type":"page","link":"https:\/\/www.termofusion.mx\/index.php\/servicios\/","title":{"rendered":"Servicios"},"content":{"rendered":"\t\t<div data-elementor-type=\"wp-page\" data-elementor-id=\"372\" class=\"elementor elementor-372\">\n\t\t\t\t<div class=\"elementor-element elementor-element-81b1f5d e-flex e-con-boxed e-con e-parent\" data-id=\"81b1f5d\" data-element_type=\"container\" data-e-type=\"container\">\n\t\t\t\t\t<div class=\"e-con-inner\">\n\t\t\t\t<div class=\"elementor-element elementor-element-2f42dc2 elementor-widget elementor-widget-text-editor\" data-id=\"2f42dc2\" data-element_type=\"widget\" data-e-type=\"widget\" data-widget_type=\"text-editor.default\">\n\t\t\t\t<div class=\"elementor-widget-container\">\n\t\t\t\t\t\t\t\t\t<style>\n        @import url('https:\/\/fonts.googleapis.com\/css2?family=Inter:wght@300;400;700&display=swap');\n\n        * {\n            margin: 0;\n            padding: 0;\n            box-sizing: border-box;\n        }\n\n        body {\n            font-family: 'Inter', sans-serif;\n            background: #0f0f0f;\n            color: white;\n            text-align: center;\n            \n        }\n\n        h2 {\n            font-size: 36px;\n            color: #00AEEF;\n            margin-bottom: 20px;\n            padding-bottom: 10px;\n            border-bottom: 3px solid #FFD700;\n            display: inline-block;\n        }\n\n        .service-grid {\n            display: flex;\n            flex-direction: column;\n            gap: 20px;\n            margin-top: 30px;\n        }\n\n        .service-card {\n            background: rgba(255, 255, 255, 0.1);\n            backdrop-filter: blur(10px);\n            padding: 20px;\n            border-radius: 50px 20px;\n            text-align: left;\n            transition: transform 0.3s, box-shadow 0.3s;\n            box-shadow: 0px 5px 15px rgba(255, 255, 255, 0.1);\n            width: 100%;\n            max-width: 1000px;\n            margin: auto;\n            display: flex;\n            align-items: center;\n            justify-content: space-between;\n        }\n\n        .service-card:nth-child(even) {\n            flex-direction: row-reverse;\n            border-radius: 20px 50px;\n        }\n\n        .service-card:hover {\n            transform: scale(1.03);\n            box-shadow: 0px 8px 25px rgba(255, 255, 255, 0.3);\n        }\n\n        .service-card img {\n            width: 40%;\n            height: 200px;\n            object-fit: cover;\n            border-radius: 15px;\n        }\n\n        .service-info {\n            width: 55%;\n            padding: 20px;\n        }\n\n        .service-card h3 {\n            margin: 10px 0;\n            color: #FFD700;\n        }\n\n        .service-card p {\n            font-size: 16px;\n            margin-bottom: 15px;\n        }\n\n        .service-card a {\n            display: inline-block;\n            background: #00AEEF;\n            color: white;\n            padding: 10px 15px;\n            border-radius: 5px;\n            text-decoration: none;\n            font-weight: bold;\n            transition: 0.3s;\n        }\n\n        .service-card a:hover {\n            background: #FFD700;\n            color: black;\n        }\n\n        @media (max-width: 768px) {\n            .service-card {\n                flex-direction: column;\n                text-align: center;\n            }\n\n            .service-card:nth-child(even) {\n                flex-direction: column;\n            }\n\n            .service-card img {\n                width: 100%;\n            }\n\n            .service-info {\n                width: 100%;\n            }\n        }\n    <\/style>\n\n\n&nbsp;\n<h2>\ud83d\udee0\ufe0f Nuestros Servicios<\/h2>\nConoce nuestras soluciones en termofusi\u00f3n, electrofusi\u00f3n y mantenimiento especializado.\n<div class=\"service-grid\">\n<div class=\"service-card\"><video autoplay=\"autoplay\" loop=\"loop\" muted=\"\" width=\"100\" height=\"100\">\n<source src=\"https:\/\/www.termofusion.mx\/wp-content\/uploads\/2025\/04\/servivioTermofusion.mp4\" \/><\/video>\n<div class=\"service-info\">\n<h3>Servicio o Renta de Termofusi\u00f3n<\/h3>\nEn IPT, ofrecemos el servicio de renta de equipos de termofusi\u00f3n, brindando soluciones eficientes para la uni\u00f3n de tuber\u00edas de PEAD. Contamos con maquinaria de alta calidad, mantenimiento garantizado y asesor\u00eda especializada para asegurar un trabajo preciso y duradero.\n\n\n<\/div>\n<\/div>\n<div class=\"service-card\"><video autoplay=\"autoplay\" loop=\"loop\" muted=\"\" width=\"100\" height=\"100\">\n<source src=\"https:\/\/www.termofusion.mx\/wp-content\/uploads\/2025\/04\/servivioElectrofusion.mp4\" \/><\/video>\n<div class=\"service-info\">\n<h3>Servicio o Renta de Electrofusi\u00f3n<\/h3>\nEn IPT, ponemos a tu disposici\u00f3n el servicio de renta de equipos de electrofusi\u00f3n, garantizando uniones seguras y de alta resistencia en tuber\u00edas de PEAD. Contamos con equipos modernos, calibrados y listos para operar en tus proyectos.\n\n<\/div>\n<\/div>\n<div class=\"service-card\"><video autoplay=\"autoplay\" loop=\"loop\" muted=\"\" width=\"100\" height=\"100\">\n<source src=\"https:\/\/www.termofusion.mx\/wp-content\/uploads\/2025\/04\/VentaEquipos.mp4\" \/><\/video>\n<div class=\"service-info\">\n<h3>Venta de equipos de Termofusion y Electrofusi\u00f3n<\/h3>\nEn IPT, ofrecemos una amplia gama de equipos de termofusi\u00f3n y electrofusi\u00f3n de alta calidad para garantizar uniones seguras y duraderas en tuber\u00edas de PEAD. Contamos con tecnolog\u00eda de vanguardia para cubrir las necesidades de tus proyectos.\n\n<\/div>\n<\/div>\n<div class=\"service-card\"><video autoplay=\"autoplay\" loop=\"loop\" muted=\"\" width=\"100\" height=\"100\">\n<source src=\"https:\/\/www.termofusion.mx\/wp-content\/uploads\/2025\/04\/ReparacionExtrusora.mp4\" \/><\/video>\n<div class=\"service-info\">\n<h3>Soldadura con Extrusora<\/h3>\nEn IPT, contamos con equipos de soldadura con extrusora para unir y reparar tuber\u00edas y accesorios de PEAD, PPL y otros termopl\u00e1sticos. Nuestra tecnolog\u00eda garantiza uniones resistentes, seguras y de alta calidad para todo tipo de aplicaciones industriales.\n\n<\/div>\n<\/div>\n<div class=\"service-card\"><video autoplay=\"autoplay\" loop=\"loop\" muted=\"\" width=\"100\" height=\"100\">\n<source src=\"https:\/\/www.termofusion.mx\/wp-content\/uploads\/2025\/04\/MantenientoEquipos.mp4\" \/><\/video>\n<div class=\"service-info\">\n<h3>Mantenimiento de Equipos de Termofusi\u00f3n y Electrofusi\u00f3n<\/h3>\nEn IPT, ofrecemos servicio especializado de mantenimiento preventivo y correctivo para equipos de termofusi\u00f3n y electrofusi\u00f3n, asegurando su \u00f3ptimo funcionamiento y prolongando su vida \u00fatil.\n\n<\/div>\n<\/div>\n<div class=\"service-card\"><video autoplay=\"autoplay\" loop=\"loop\" muted=\"\" width=\"100\" height=\"100\">\n<source src=\"https:\/\/www.termofusion.mx\/wp-content\/uploads\/2025\/04\/PruebasHidrostaticas.mp4\" \/><\/video>\n<div class=\"service-info\">\n<h3>Pruebas Hidrost\u00e1ticas<\/h3>\nEn IPT, realizamos pruebas hidrost\u00e1ticas para garantizar la resistencia, hermeticidad y seguridad de tuber\u00edas y sistemas de conducci\u00f3n de fluidos.\n\n<\/div>\n<\/div>\n<div class=\"service-card\"><video autoplay=\"autoplay\" loop=\"loop\" muted=\"\" width=\"100\" height=\"100\">\n<source src=\"https:\/\/www.termofusion.mx\/wp-content\/uploads\/2025\/04\/CursosTermofusion.mp4\" \/><\/video>\n<div class=\"service-info\">\n<h3>Cursos de Termofusi\u00f3n y Electrofusi\u00f3n<\/h3>\nEn IPT, ofrecemos cursos especializados en Termofusi\u00f3n y Electrofusi\u00f3n para capacitar a profesionales en la instalaci\u00f3n segura y eficiente de tuber\u00edas de polietileno.\n\n<\/div>\n<\/div>\n<div class=\"service-card\"><img decoding=\"async\" src=\"levantamiento_obra.jpg\" alt=\"Levantamiento de obra\" \/>\n<div class=\"service-info\">\n<h3>Levantamiento de Obra<\/h3>\nPlanificaci\u00f3n y medici\u00f3n detallada para ejecuci\u00f3n de proyectos.\n\n<a href=\"#\">Ver m\u00e1s<\/a>\n\n<\/div>\n<\/div>\n<\/div>\t\t\t\t\t\t\t\t<\/div>\n\t\t\t\t<\/div>\n\t\t\t\t\t<\/div>\n\t\t\t\t<\/div>\n\t\t\t\t<\/div>\n\t\t","protected":false},"excerpt":{"rendered":"<p>&nbsp; \ud83d\udee0\ufe0f Nuestros Servicios Conoce nuestras soluciones en termofusi\u00f3n, electrofusi\u00f3n y mantenimiento especializado. Servicio o Renta de Termofusi\u00f3n En IPT, ofrecemos el servicio de renta de equipos de termofusi\u00f3n, brindando soluciones eficientes para la uni\u00f3n de tuber\u00edas de PEAD. Contamos con maquinaria de alta calidad, mantenimiento garantizado y asesor\u00eda especializada para asegurar un trabajo preciso &hellip; <\/p>\n<p class=\"link-more\"><a href=\"https:\/\/www.termofusion.mx\/index.php\/servicios\/\" class=\"more-link\">Read more<span class=\"screen-reader-text\"> &#8220;Servicios&#8221;<\/span><\/a><\/p>\n","protected":false},"author":1,"featured_media":413,"parent":0,"menu_order":0,"comment_status":"closed","ping_status":"closed","template":"","meta":{"om_disable_all_campaigns":false,"_monsterinsights_skip_tracking":false,"_monsterinsights_sitenote_active":false,"_monsterinsights_sitenote_note":"","_monsterinsights_sitenote_category":0,"footnotes":""},"class_list":["post-372","page","type-page","status-publish","has-post-thumbnail","hentry"],"aioseo_notices":[],"_links":{"self":[{"href":"https:\/\/www.termofusion.mx\/index.php\/wp-json\/wp\/v2\/pages\/372","targetHints":{"allow":["GET"]}}],"collection":[{"href":"https:\/\/www.termofusion.mx\/index.php\/wp-json\/wp\/v2\/pages"}],"about":[{"href":"https:\/\/www.termofusion.mx\/index.php\/wp-json\/wp\/v2\/types\/page"}],"author":[{"embeddable":true,"href":"https:\/\/www.termofusion.mx\/index.php\/wp-json\/wp\/v2\/users\/1"}],"replies":[{"embeddable":true,"href":"https:\/\/www.termofusion.mx\/index.php\/wp-json\/wp\/v2\/comments?post=372"}],"version-history":[{"count":17,"href":"https:\/\/www.termofusion.mx\/index.php\/wp-json\/wp\/v2\/pages\/372\/revisions"}],"predecessor-version":[{"id":557,"href":"https:\/\/www.termofusion.mx\/index.php\/wp-json\/wp\/v2\/pages\/372\/revisions\/557"}],"wp:featuredmedia":[{"embeddable":true,"href":"https:\/\/www.termofusion.mx\/index.php\/wp-json\/wp\/v2\/media\/413"}],"wp:attachment":[{"href":"https:\/\/www.termofusion.mx\/index.php\/wp-json\/wp\/v2\/media?parent=372"}],"curies":[{"name":"wp","href":"https:\/\/api.w.org\/{rel}","templated":true}]}}